{"id":258,"date":"2025-11-03T12:47:28","date_gmt":"2025-11-03T10:47:28","guid":{"rendered":"https:\/\/www.studijablume.lt\/?post_type=product&#038;p=258"},"modified":"2025-12-23T10:46:07","modified_gmt":"2025-12-23T08:46:07","slug":"abstraktus-paveikslas-nr-11","status":"publish","type":"product","link":"https:\/\/www.studijablume.lt\/index.php\/product\/abstraktus-paveikslas-nr-11\/","title":{"rendered":"Abstraktus paveikslas Nr. 11"},"content":{"rendered":"<p>Unikalus ir vienetinis abstraktus paveikslas tapytas akriliniais da\u017eais ant drob\u0117s.<\/p>\n<p>Paveikslo dydis\u00a0 90 x 140\u00a0 cm<\/p>\n<p>Paveikslus Kaune ir Kauno rajone pristatome patys, \u012f kitus miestus siun\u010diame per kurjer\u012f.<\/p>\n<p>Galite ir atvykti pas mus \u012f sve\u010dius apsi\u017ei\u016br\u0117ti ir \u012fsigyti.<\/p>\n","protected":false},"excerpt":{"rendered":"<p>Paveikslo dydis\u00a0 90 x 140\u00a0 cm<\/p>\n","protected":false},"featured_media":259,"comment_status":"open","ping_status":"closed","template":"","meta":[],"product_brand":[],"product_cat":[22],"product_tag":[],"class_list":{"0":"post-258","1":"product","2":"type-product","3":"status-publish","4":"has-post-thumbnail","6":"product_cat-tapybos-darbai","7":"product_shipping_class-tapybos-darbai","9":"first","10":"outofstock","11":"sold-individually","12":"taxable","13":"shipping-taxable","14":"purchasable","15":"product-type-simple"},"_links":{"self":[{"href":"https:\/\/www.studijablume.lt\/index.php\/wp-json\/wp\/v2\/product\/258","targetHints":{"allow":["GET"]}}],"collection":[{"href":"https:\/\/www.studijablume.lt\/index.php\/wp-json\/wp\/v2\/product"}],"about":[{"href":"https:\/\/www.studijablume.lt\/index.php\/wp-json\/wp\/v2\/types\/product"}],"replies":[{"embeddable":true,"href":"https:\/\/www.studijablume.lt\/index.php\/wp-json\/wp\/v2\/comments?post=258"}],"wp:featuredmedia":[{"embeddable":true,"href":"https:\/\/www.studijablume.lt\/index.php\/wp-json\/wp\/v2\/media\/259"}],"wp:attachment":[{"href":"https:\/\/www.studijablume.lt\/index.php\/wp-json\/wp\/v2\/media?parent=258"}],"wp:term":[{"taxonomy":"product_brand","embeddable":true,"href":"https:\/\/www.studijablume.lt\/index.php\/wp-json\/wp\/v2\/product_brand?post=258"},{"taxonomy":"product_cat","embeddable":true,"href":"https:\/\/www.studijablume.lt\/index.php\/wp-json\/wp\/v2\/product_cat?post=258"},{"taxonomy":"product_tag","embeddable":true,"href":"https:\/\/www.studijablume.lt\/index.php\/wp-json\/wp\/v2\/product_tag?post=258"}],"curies":[{"name":"wp","href":"https:\/\/api.w.org\/{rel}","templated":true}]}}