{"id":2,"date":"2025-10-03T12:48:11","date_gmt":"2025-10-03T12:48:11","guid":{"rendered":"http:\/\/212.24.102.101\/wordpress\/?page_id=2"},"modified":"2025-10-26T14:27:55","modified_gmt":"2025-10-26T11:27:55","slug":"about","status":"publish","type":"page","link":"https:\/\/www.studijablume.lt\/index.php\/about\/","title":{"rendered":"Apie mus"},"content":{"rendered":"\n<p><strong>Blum\u0117<\/strong> &#8211; ma\u017eoji bendrija, \u012fsik\u016brusi Biruli\u0161k\u0117se Kauno Urban Hub miestelyje. \u010cia gimsta m\u016bs\u0173 g\u0117li\u0173 kompozicijos, spalvos ir istorijos.<\/p>\n\n\n\n<p>Mes tikime, kad g\u0117l\u0117s kalba sava kalba &#8211; jos perteikia jausmus, kuri\u0173 kartais ne\u012fmanoma pasakyti \u017eod\u017eiais. Kiekvien\u0105 puok\u0161t\u0119 kuriame su r\u016bpes\u010diu, derindami nat\u016bralum\u0105, spalv\u0173 harmonij\u0105 ir estetik\u0105.<\/p>\n\n\n\n<p>M\u016bs\u0173 salone susitinka <strong>g\u0117l\u0117s ir tapyba<\/strong> &#8211; \u010dia galima pamatyti ir \u012fsigyti <strong>abstrak\u010dios tapybos darbus<\/strong>, sukurtus Blum\u0117s \u012fk\u016br\u0117jos Ritos. Tai k\u016briniai, \u012fkv\u0117pti gamtos, form\u0173 ir emocij\u0173, kurie papildo g\u0117li\u0173 pasaul\u012f savo spalviniu ritmu.<\/p>\n\n\n\n<p>Be viso to, organizuojame <strong>tapybos edukacijas ir k\u016brybinius vakarus<\/strong>, kuriuose kvie\u010diame \u017emones pab\u0117gti nuo kasdienyb\u0117s, i\u0161laisvinti vaizduot\u0119 ir pasinerti \u012f spalvas.<\/p>\n\n\n\n<p><strong>Blum\u0117 <\/strong>&#8211; tai ne tik g\u0117li\u0173 salonas. Tai erdv\u0117, kurioje susitinka k\u016bryba, gro\u017eis ir paprastumas. M\u016bs\u0173 tikslas &#8211; kad tiek g\u0117l\u0117s, tiek paveikslai \u012fkv\u0117pt\u0173 d\u017eiaugsmo ir ramyb\u0117s kiekvienam, kuris u\u017esuka.<\/p>\n","protected":false},"excerpt":{"rendered":"<p>Blum\u0117 &#8211; ma\u017eoji bendrija, \u012fsik\u016brusi Biruli\u0161k\u0117se Kauno Urban Hub miestelyje. \u010cia gimsta m\u016bs\u0173 g\u0117li\u0173 kompozicijos, spalvos ir istorijos. Mes tikime, kad g\u0117l\u0117s kalba sava kalba &#8211; jos perteikia jausmus, kuri\u0173 kartais ne\u012fmanoma pasakyti \u017eod\u017eiais. Kiekvien\u0105 puok\u0161t\u0119 kuriame su r\u016bpes\u010diu, derindami nat\u016bralum\u0105, spalv\u0173 harmonij\u0105 ir estetik\u0105. M\u016bs\u0173 salone susitinka g\u0117l\u0117s ir tapyba &#8211; \u010dia galima pamatyti [&hellip;]<\/p>\n","protected":false},"author":1,"featured_media":0,"parent":0,"menu_order":0,"comment_status":"closed","ping_status":"closed","template":"","meta":{"footnotes":""},"class_list":["post-2","page","type-page","status-publish","hentry"],"_links":{"self":[{"href":"https:\/\/www.studijablume.lt\/index.php\/wp-json\/wp\/v2\/pages\/2","targetHints":{"allow":["GET"]}}],"collection":[{"href":"https:\/\/www.studijablume.lt\/index.php\/wp-json\/wp\/v2\/pages"}],"about":[{"href":"https:\/\/www.studijablume.lt\/index.php\/wp-json\/wp\/v2\/types\/page"}],"author":[{"embeddable":true,"href":"https:\/\/www.studijablume.lt\/index.php\/wp-json\/wp\/v2\/users\/1"}],"replies":[{"embeddable":true,"href":"https:\/\/www.studijablume.lt\/index.php\/wp-json\/wp\/v2\/comments?post=2"}],"version-history":[{"count":4,"href":"https:\/\/www.studijablume.lt\/index.php\/wp-json\/wp\/v2\/pages\/2\/revisions"}],"predecessor-version":[{"id":130,"href":"https:\/\/www.studijablume.lt\/index.php\/wp-json\/wp\/v2\/pages\/2\/revisions\/130"}],"wp:attachment":[{"href":"https:\/\/www.studijablume.lt\/index.php\/wp-json\/wp\/v2\/media?parent=2"}],"curies":[{"name":"wp","href":"https:\/\/api.w.org\/{rel}","templated":true}]}}