{"id":140,"date":"2025-10-26T17:09:24","date_gmt":"2025-10-26T14:09:24","guid":{"rendered":"http:\/\/212.24.102.101\/wordpress\/?page_id=140"},"modified":"2026-03-23T17:14:29","modified_gmt":"2026-03-23T15:14:29","slug":"kontaktai","status":"publish","type":"page","link":"https:\/\/www.studijablume.lt\/index.php\/kontaktai\/","title":{"rendered":"Kontaktai"},"content":{"rendered":"\n<p><strong>Adresas:<\/strong> Lyderyst\u0117s g. 7, Biruli\u0161k\u0117s, Kauno raj. (Kauno Urban Hub miestelis)<\/p>\n\n\n\n<p><strong>Darbo laikas:<\/strong><\/p>\n\n\n\n<div class=\"wp-block-group is-content-justification-space-between is-nowrap is-layout-flex wp-container-core-group-is-layout-cb46ffcb wp-block-group-is-layout-flex\">\n<p>I-V 9:00 &#8211; 18:00<\/p>\n<\/div>\n\n\n\n<p>VI 10:00 &#8211; 15:00<\/p>\n\n\n\n<p>VII <strong>nedirbame<\/strong><\/p>\n\n\n\n<p><strong>Tel.:<\/strong> +370 662 85701<\/p>\n\n\n\n<p><strong>El. pa\u0161tas:<\/strong> info@studijablume.lt<\/p>\n\n\n\n<p><a href=\"https:\/\/maps.app.goo.gl\/ZEFLEnXu6HWFBTt37\"><strong>Google nuoroda<\/strong><\/a><\/p>\n\n\n\n<h5 class=\"wp-block-heading\"><strong>\u012emon\u0117s duomenys<\/strong><\/h5>\n\n\n\n<ul class=\"wp-block-list\">\n<li>Pavadinimas: MB Blum\u0117<\/li>\n\n\n\n<li>\u012emon\u0117s kodas: 307162538<\/li>\n\n\n\n<li>PVM mok\u0117tojo kodas: LT100017958913<\/li>\n\n\n\n<li>Bankas: AB Swedbank\n<ul class=\"wp-block-list\">\n<li>A.s. LT197300010194282760<\/li>\n<\/ul>\n<\/li>\n<\/ul>\n","protected":false},"excerpt":{"rendered":"<p>Adresas: Lyderyst\u0117s g. 7, Biruli\u0161k\u0117s, Kauno raj. (Kauno Urban Hub miestelis) Darbo laikas: I-V 9:00 &#8211; 18:00 VI 10:00 &#8211; 15:00 VII nedirbame Tel.: +370 662 85701 El. pa\u0161tas: info@studijablume.lt Google nuoroda \u012emon\u0117s duomenys<\/p>\n","protected":false},"author":1,"featured_media":0,"parent":0,"menu_order":0,"comment_status":"closed","ping_status":"closed","template":"","meta":{"footnotes":""},"class_list":["post-140","page","type-page","status-publish","hentry"],"_links":{"self":[{"href":"https:\/\/www.studijablume.lt\/index.php\/wp-json\/wp\/v2\/pages\/140","targetHints":{"allow":["GET"]}}],"collection":[{"href":"https:\/\/www.studijablume.lt\/index.php\/wp-json\/wp\/v2\/pages"}],"about":[{"href":"https:\/\/www.studijablume.lt\/index.php\/wp-json\/wp\/v2\/types\/page"}],"author":[{"embeddable":true,"href":"https:\/\/www.studijablume.lt\/index.php\/wp-json\/wp\/v2\/users\/1"}],"replies":[{"embeddable":true,"href":"https:\/\/www.studijablume.lt\/index.php\/wp-json\/wp\/v2\/comments?post=140"}],"version-history":[{"count":12,"href":"https:\/\/www.studijablume.lt\/index.php\/wp-json\/wp\/v2\/pages\/140\/revisions"}],"predecessor-version":[{"id":298,"href":"https:\/\/www.studijablume.lt\/index.php\/wp-json\/wp\/v2\/pages\/140\/revisions\/298"}],"wp:attachment":[{"href":"https:\/\/www.studijablume.lt\/index.php\/wp-json\/wp\/v2\/media?parent=140"}],"curies":[{"name":"wp","href":"https:\/\/api.w.org\/{rel}","templated":true}]}}