{"id":136,"date":"2025-10-26T16:47:37","date_gmt":"2025-10-26T13:47:37","guid":{"rendered":"http:\/\/212.24.102.101\/wordpress\/?page_id=136"},"modified":"2025-11-02T16:41:43","modified_gmt":"2025-11-02T14:41:43","slug":"pristatymas","status":"publish","type":"page","link":"https:\/\/www.studijablume.lt\/index.php\/pristatymas\/","title":{"rendered":"Pristatymas"},"content":{"rendered":"\n<h3 class=\"wp-block-heading\">G\u0117li\u0173 ir puok\u0161\u010di\u0173 pristatymas<\/h3>\n\n\n\n<ul class=\"wp-block-list\">\n<li>Pristatymo vieta:\n<ul class=\"wp-block-list\">\n<li>G\u0117li\u0173 kompozicijas pristatome tik <strong>Kauno mieste ir Kauno rajone<\/strong><\/li>\n<\/ul>\n<\/li>\n<\/ul>\n\n\n\n<ul class=\"wp-block-list\">\n<li>Pristatymo laikas:\n<ul class=\"wp-block-list\">\n<li>G\u0117li\u0173 kompozicijas pristatome <strong>t\u0105 pa\u010di\u0105 dien\u0105<\/strong> salono darbo laiku, kai gauname apmok\u0117jim\u0105.<\/li>\n<\/ul>\n<\/li>\n<\/ul>\n\n\n\n<ul class=\"wp-block-list\">\n<li>Kaina:\n<ul class=\"wp-block-list\">\n<li>Kaune ir Kauno rajone &#8211; <strong>10 Eur<\/strong><\/li>\n<\/ul>\n<\/li>\n<\/ul>\n\n\n\n<ul class=\"wp-block-list\">\n<li>Atsi\u0117mimas vietoje:\n<ul class=\"wp-block-list\">\n<li>Galite <strong>atsiimti u\u017esakym\u0105 nemokamai<\/strong> m\u016bs\u0173 salone adresu Lyderyst\u0117s 7, Biruli\u0161k\u0117s, Kauno raj. (Urban Hub miestelis) <\/li>\n<\/ul>\n<\/li>\n<\/ul>\n\n\n\n<h3 class=\"wp-block-heading\">Tapybos darb\u0173 pristatymas<\/h3>\n\n\n\n<ul class=\"wp-block-list\">\n<li>Pristatymo vieta:\n<ul class=\"wp-block-list\">\n<li>Tapybos darbus pristatome <strong>visoje Lietuvoje <\/strong>per kurjerius.<\/li>\n<\/ul>\n<\/li>\n<\/ul>\n\n\n\n<ul class=\"wp-block-list\">\n<li>Pristatymo laikas:\n<ul class=\"wp-block-list\">\n<li>2-3 darbo dienos po u\u017esakymo apmok\u0117jimo<\/li>\n<\/ul>\n<\/li>\n<\/ul>\n\n\n\n<ul class=\"wp-block-list\">\n<li>Kaina:\n<ul class=\"wp-block-list\">\n<li>Lietuvoje nuo <strong>20 Eur<\/strong> (tiksli kaina priklauso nuo paveikslo dyd\u017eio ir tikslios pristatymo vietos)<\/li>\n<\/ul>\n<\/li>\n<\/ul>\n\n\n\n<ul id=\"block-184febd2-4c45-4bd7-91cb-1f0b952bd96d\" class=\"wp-block-list\">\n<li>Atsi\u0117mimas vietoje:\n<ul class=\"wp-block-list\">\n<li>Galite <strong>atsiimti u\u017esakym\u0105 nemokamai<\/strong> m\u016bs\u0173 salone adresu Lyderyst\u0117s 7, Biruli\u0161k\u0117s, Kauno raj. (Urban Hub miestelis)<\/li>\n<\/ul>\n<\/li>\n<\/ul>\n\n\n\n<h3 class=\"wp-block-heading\">Papildoma informacija<\/h3>\n\n\n\n<ul class=\"wp-block-list\">\n<li>Jei turite speciali\u0173 pageidavim\u0173 d\u0117l pristatymo laiko ar vietos &#8211; susisiekite su mumis prie\u0161 pateikdami u\u017esakym\u0105. Telefonu <strong>+370 662 85701<\/strong>, el. pa\u0161tu <strong>info@studijablume.lt<\/strong> arba per <strong>Facebook Messanger<\/strong>.<\/li>\n\n\n\n<li>\u0160ven\u010di\u0173 dienomis pristatymo laikas gali keistis.<\/li>\n<\/ul>\n","protected":false},"excerpt":{"rendered":"<p>G\u0117li\u0173 ir puok\u0161\u010di\u0173 pristatymas Tapybos darb\u0173 pristatymas Papildoma informacija<\/p>\n","protected":false},"author":1,"featured_media":0,"parent":0,"menu_order":0,"comment_status":"closed","ping_status":"closed","template":"","meta":{"footnotes":""},"class_list":["post-136","page","type-page","status-publish","hentry"],"_links":{"self":[{"href":"https:\/\/www.studijablume.lt\/index.php\/wp-json\/wp\/v2\/pages\/136","targetHints":{"allow":["GET"]}}],"collection":[{"href":"https:\/\/www.studijablume.lt\/index.php\/wp-json\/wp\/v2\/pages"}],"about":[{"href":"https:\/\/www.studijablume.lt\/index.php\/wp-json\/wp\/v2\/types\/page"}],"author":[{"embeddable":true,"href":"https:\/\/www.studijablume.lt\/index.php\/wp-json\/wp\/v2\/users\/1"}],"replies":[{"embeddable":true,"href":"https:\/\/www.studijablume.lt\/index.php\/wp-json\/wp\/v2\/comments?post=136"}],"version-history":[{"count":4,"href":"https:\/\/www.studijablume.lt\/index.php\/wp-json\/wp\/v2\/pages\/136\/revisions"}],"predecessor-version":[{"id":222,"href":"https:\/\/www.studijablume.lt\/index.php\/wp-json\/wp\/v2\/pages\/136\/revisions\/222"}],"wp:attachment":[{"href":"https:\/\/www.studijablume.lt\/index.php\/wp-json\/wp\/v2\/media?parent=136"}],"curies":[{"name":"wp","href":"https:\/\/api.w.org\/{rel}","templated":true}]}}